{"id":48,"date":"2024-04-23T14:59:52","date_gmt":"2024-04-23T12:59:52","guid":{"rendered":"https:\/\/www.auroraevia.fr\/?page_id=48"},"modified":"2026-02-10T12:55:14","modified_gmt":"2026-02-10T11:55:14","slug":"elementor-48","status":"publish","type":"page","link":"https:\/\/www.auroraevia.fr\/?page_id=48","title":{"rendered":"Partenaires Auroraevia"},"content":{"rendered":"\t\t<div data-elementor-type=\"wp-page\" data-elementor-id=\"48\" class=\"elementor elementor-48\">\n\t\t\t\t<div class=\"elementor-element elementor-element-6cf09ce e-flex e-con-boxed e-con e-parent\" data-id=\"6cf09ce\" data-element_type=\"container\" data-settings=\"{&quot;background_background&quot;:&quot;classic&quot;}\">\n\t\t\t\t\t<div class=\"e-con-inner\">\n\t\t\t\t<div class=\"elementor-element elementor-element-14eeeac elementor-widget elementor-widget-heading\" data-id=\"14eeeac\" data-element_type=\"widget\" data-widget_type=\"heading.default\">\n\t\t\t\t<div class=\"elementor-widget-container\">\n\t\t\t\t\t<h1 class=\"elementor-heading-title elementor-size-default\">Nous avons besoin de vous !                        \n\n\n<\/h1>\t\t\t\t<\/div>\n\t\t\t\t<\/div>\n\t\t\t\t<div class=\"elementor-element elementor-element-0c8e5de elementor-widget elementor-widget-spacer\" data-id=\"0c8e5de\" data-element_type=\"widget\" data-widget_type=\"spacer.default\">\n\t\t\t\t<div class=\"elementor-widget-container\">\n\t\t\t\t\t\t\t<div class=\"elementor-spacer\">\n\t\t\t<div class=\"elementor-spacer-inner\"><\/div>\n\t\t<\/div>\n\t\t\t\t\t\t<\/div>\n\t\t\t\t<\/div>\n\t\t\t\t<div class=\"elementor-element elementor-element-ad2e495 elementor-widget elementor-widget-text-editor\" data-id=\"ad2e495\" data-element_type=\"widget\" data-widget_type=\"text-editor.default\">\n\t\t\t\t<div class=\"elementor-widget-container\">\n\t\t\t\t\t\t\t\t\t<p>Pour contribuer au projet Auror\u00e6Via, vous pouvez donner du temps, des id\u00e9es, des partages, de la visibilit\u00e9 mais \u00e9galement bient\u00f4t participer financi\u00e8rement\u00a0 (dons d\u00e9ductibles des imp\u00f4ts).<\/p><p>Et si vous souhaitez participer \u00e0 la r\u00e9flexion collective sur notre projet, \u00e0 son \u00e9criture ou \u00e0 une mission relative \u00e0 vos comp\u00e9tences, rejoignez-nous!<\/p><p>Nous contacter : contact@auroraevia.fr<\/p><p>Partager sur vos r\u00e9seaux sociaux <a href=\"https:\/\/www.facebook.com\/profile.php?id=61558843244950\" target=\"_blank\" rel=\"noopener\">Facebook<\/a>\u00a0<a href=\"https:\/\/www.linkedin.com\/in\/christine-batard-647a46293\/\" target=\"_blank\" rel=\"noopener\">LinkedIn<\/a><\/p><p>Faire un don<\/p>\t\t\t\t\t\t\t\t<\/div>\n\t\t\t\t<\/div>\n\t\t\t\t<div class=\"elementor-element elementor-element-a4dbd28 elementor-widget elementor-widget-heading\" data-id=\"a4dbd28\" data-element_type=\"widget\" data-widget_type=\"heading.default\">\n\t\t\t\t<div class=\"elementor-widget-container\">\n\t\t\t\t\t<h2 class=\"elementor-heading-title elementor-size-default\">\n<\/h2>\t\t\t\t<\/div>\n\t\t\t\t<\/div>\n\t\t\t\t\t<\/div>\n\t\t\t\t<\/div>\n\t\t<div class=\"elementor-element elementor-element-5238230 e-flex e-con-boxed e-con e-parent\" data-id=\"5238230\" data-element_type=\"container\" data-settings=\"{&quot;background_background&quot;:&quot;classic&quot;}\">\n\t\t\t\t\t<div class=\"e-con-inner\">\n\t\t\t\t<div class=\"elementor-element elementor-element-395daad elementor-widget elementor-widget-heading\" data-id=\"395daad\" data-element_type=\"widget\" data-widget_type=\"heading.default\">\n\t\t\t\t<div class=\"elementor-widget-container\">\n\t\t\t\t\t<h2 class=\"elementor-heading-title elementor-size-default\">R\u00e9pondre au questionnaire<\/h2>\t\t\t\t<\/div>\n\t\t\t\t<\/div>\n\t\t\t\t<div class=\"elementor-element elementor-element-411bc93 elementor-widget elementor-widget-text-editor\" data-id=\"411bc93\" data-element_type=\"widget\" data-widget_type=\"text-editor.default\">\n\t\t\t\t<div class=\"elementor-widget-container\">\n\t\t\t\t\t\t\t\t\t<p>Vos r\u00e9ponses sont pr\u00e9cieuses !<\/p><p>Voici le lien vers notre questionnaire qui permettra de d\u00e9nombrer les potentiels colocataires de l&rsquo;habitat partag\u00e9 et d&rsquo;enrichir notre collectif pour co-construire ce projet.<\/p><p>Merci de partager sans mod\u00e9ration vers les personnes concern\u00e9es, aidants familiaux, professionnels, proches, de personnes vieillissantes porteuses de handicap et notamment de trisomie 21.<\/p><p>Avant le 31 d\u00e9cembre 2026 !<\/p>\t\t\t\t\t\t\t\t<\/div>\n\t\t\t\t<\/div>\n\t\t\t\t<div class=\"elementor-element elementor-element-eabcecb elementor-align-center elementor-widget elementor-widget-button\" data-id=\"eabcecb\" data-element_type=\"widget\" data-widget_type=\"button.default\">\n\t\t\t\t<div class=\"elementor-widget-container\">\n\t\t\t\t\t\t\t\t\t<div class=\"elementor-button-wrapper\">\n\t\t\t\t\t<a class=\"elementor-button elementor-button-link elementor-size-sm\" href=\"https:\/\/docs.google.com\/forms\/d\/e\/1FAIpQLScx5qeRcVSoneW4ERF9vO79Bkdi8B4lfk1efBOVUCjUhLUnIA\/viewform?usp=sf_link\">\n\t\t\t\t\t\t<span class=\"elementor-button-content-wrapper\">\n\t\t\t\t\t\t\t\t\t<span class=\"elementor-button-text\">Lien questionnaire<\/span>\n\t\t\t\t\t<\/span>\n\t\t\t\t\t<\/a>\n\t\t\t\t<\/div>\n\t\t\t\t\t\t\t\t<\/div>\n\t\t\t\t<\/div>\n\t\t\t\t<div class=\"elementor-element elementor-element-bc3df30 elementor-widget elementor-widget-spacer\" data-id=\"bc3df30\" data-element_type=\"widget\" data-widget_type=\"spacer.default\">\n\t\t\t\t<div class=\"elementor-widget-container\">\n\t\t\t\t\t\t\t<div class=\"elementor-spacer\">\n\t\t\t<div class=\"elementor-spacer-inner\"><\/div>\n\t\t<\/div>\n\t\t\t\t\t\t<\/div>\n\t\t\t\t<\/div>\n\t\t<div class=\"elementor-element elementor-element-baad8f6 e-grid e-con-boxed e-con e-child\" data-id=\"baad8f6\" data-element_type=\"container\">\n\t\t\t\t\t<div class=\"e-con-inner\">\n\t\t\t\t<div class=\"elementor-element elementor-element-9430e9e elementor-widget elementor-widget-image\" data-id=\"9430e9e\" data-element_type=\"widget\" data-widget_type=\"image.default\">\n\t\t\t\t<div class=\"elementor-widget-container\">\n\t\t\t\t\t\t\t\t\t\t\t\t\t\t\t<img fetchpriority=\"high\" decoding=\"async\" width=\"300\" height=\"300\" src=\"https:\/\/www.auroraevia.fr\/wp-content\/uploads\/2024\/05\/tag35-macaron-couleur-300x300.png\" class=\"attachment-medium size-medium wp-image-923\" alt=\"\" srcset=\"https:\/\/www.auroraevia.fr\/wp-content\/uploads\/2024\/05\/tag35-macaron-couleur-300x300.png 300w, https:\/\/www.auroraevia.fr\/wp-content\/uploads\/2024\/05\/tag35-macaron-couleur-1024x1024.png 1024w, https:\/\/www.auroraevia.fr\/wp-content\/uploads\/2024\/05\/tag35-macaron-couleur-150x150.png 150w, https:\/\/www.auroraevia.fr\/wp-content\/uploads\/2024\/05\/tag35-macaron-couleur-768x767.png 768w, https:\/\/www.auroraevia.fr\/wp-content\/uploads\/2024\/05\/tag35-macaron-couleur.png 1135w\" sizes=\"(max-width: 300px) 100vw, 300px\" \/>\t\t\t\t\t\t\t\t\t\t\t\t\t\t\t<\/div>\n\t\t\t\t<\/div>\n\t\t\t\t<div class=\"elementor-element elementor-element-c904a97 elementor-widget elementor-widget-image\" data-id=\"c904a97\" data-element_type=\"widget\" data-widget_type=\"image.default\">\n\t\t\t\t<div class=\"elementor-widget-container\">\n\t\t\t\t\t\t\t\t\t\t\t\t\t\t\t<img decoding=\"async\" width=\"234\" height=\"300\" src=\"https:\/\/www.auroraevia.fr\/wp-content\/uploads\/2024\/05\/Logo_Reso_Solidaire_Rennes-234x300.jpg\" class=\"attachment-medium size-medium wp-image-1515\" alt=\"\" srcset=\"https:\/\/www.auroraevia.fr\/wp-content\/uploads\/2024\/05\/Logo_Reso_Solidaire_Rennes-234x300.jpg 234w, https:\/\/www.auroraevia.fr\/wp-content\/uploads\/2024\/05\/Logo_Reso_Solidaire_Rennes.jpg 647w\" sizes=\"(max-width: 234px) 100vw, 234px\" \/>\t\t\t\t\t\t\t\t\t\t\t\t\t\t\t<\/div>\n\t\t\t\t<\/div>\n\t\t\t\t\t<\/div>\n\t\t\t\t<\/div>\n\t\t\t\t\t<\/div>\n\t\t\t\t<\/div>\n\t\t\t\t<\/div>\n\t\t","protected":false},"excerpt":{"rendered":"<p>Nous avons besoin de vous ! Pour contribuer au projet Auror\u00e6Via, vous pouvez donner du temps, des id\u00e9es, des partages, [&hellip;]<\/p>\n","protected":false},"author":2,"featured_media":0,"parent":0,"menu_order":0,"comment_status":"closed","ping_status":"closed","template":"elementor_header_footer","meta":{"om_disable_all_campaigns":false,"_monsterinsights_skip_tracking":false,"_monsterinsights_sitenote_active":false,"_monsterinsights_sitenote_note":"","_monsterinsights_sitenote_category":0,"site-sidebar-layout":"default","site-content-layout":"","ast-site-content-layout":"","site-content-style":"default","site-sidebar-style":"default","ast-global-header-display":"","ast-banner-title-visibility":"","ast-main-header-display":"","ast-hfb-above-header-display":"","ast-hfb-below-header-display":"","ast-hfb-mobile-header-display":"","site-post-title":"","ast-breadcrumbs-content":"","ast-featured-img":"","footer-sml-layout":"","theme-transparent-header-meta":"","adv-header-id-meta":"","stick-header-meta":"","header-above-stick-meta":"","header-main-stick-meta":"","header-below-stick-meta":"","astra-migrate-meta-layouts":"default","ast-page-background-enabled":"default","ast-page-background-meta":{"desktop":{"background-color":"var(--ast-global-color-4)","background-image":"","background-repeat":"repeat","background-position":"center center","background-size":"auto","background-attachment":"scroll","background-type":"","background-media":"","overlay-type":"","overlay-color":"","overlay-gradient":""},"tablet":{"background-color":"","background-image":"","background-repeat":"repeat","background-position":"center center","background-size":"auto","background-attachment":"scroll","background-type":"","background-media":"","overlay-type":"","overlay-color":"","overlay-gradient":""},"mobile":{"background-color":"","background-image":"","background-repeat":"repeat","background-position":"center center","background-size":"auto","background-attachment":"scroll","background-type":"","background-media":"","overlay-type":"","overlay-color":"","overlay-gradient":""}},"ast-content-background-meta":{"desktop":{"background-color":"var(--ast-global-color-5)","background-image":"","background-repeat":"repeat","background-position":"center center","background-size":"auto","background-attachment":"scroll","background-type":"","background-media":"","overlay-type":"","overlay-color":"","overlay-gradient":""},"tablet":{"background-color":"var(--ast-global-color-5)","background-image":"","background-repeat":"repeat","background-position":"center center","background-size":"auto","background-attachment":"scroll","background-type":"","background-media":"","overlay-type":"","overlay-color":"","overlay-gradient":""},"mobile":{"background-color":"var(--ast-global-color-5)","background-image":"","background-repeat":"repeat","background-position":"center center","background-size":"auto","background-attachment":"scroll","background-type":"","background-media":"","overlay-type":"","overlay-color":"","overlay-gradient":""}},"footnotes":""},"class_list":["post-48","page","type-page","status-publish","hentry"],"aioseo_notices":[],"_links":{"self":[{"href":"https:\/\/www.auroraevia.fr\/index.php?rest_route=\/wp\/v2\/pages\/48","targetHints":{"allow":["GET"]}}],"collection":[{"href":"https:\/\/www.auroraevia.fr\/index.php?rest_route=\/wp\/v2\/pages"}],"about":[{"href":"https:\/\/www.auroraevia.fr\/index.php?rest_route=\/wp\/v2\/types\/page"}],"author":[{"embeddable":true,"href":"https:\/\/www.auroraevia.fr\/index.php?rest_route=\/wp\/v2\/users\/2"}],"replies":[{"embeddable":true,"href":"https:\/\/www.auroraevia.fr\/index.php?rest_route=%2Fwp%2Fv2%2Fcomments&post=48"}],"version-history":[{"count":137,"href":"https:\/\/www.auroraevia.fr\/index.php?rest_route=\/wp\/v2\/pages\/48\/revisions"}],"predecessor-version":[{"id":1812,"href":"https:\/\/www.auroraevia.fr\/index.php?rest_route=\/wp\/v2\/pages\/48\/revisions\/1812"}],"wp:attachment":[{"href":"https:\/\/www.auroraevia.fr\/index.php?rest_route=%2Fwp%2Fv2%2Fmedia&parent=48"}],"curies":[{"name":"wp","href":"https:\/\/api.w.org\/{rel}","templated":true}]}}